{"id":1320,"date":"2023-01-05T17:35:09","date_gmt":"2023-01-05T17:35:09","guid":{"rendered":"https:\/\/www.llorca-abogados.com\/?page_id=1320"},"modified":"2026-01-27T14:09:37","modified_gmt":"2026-01-27T14:09:37","slug":"trabaja-con-nosotros","status":"publish","type":"page","link":"https:\/\/www.llorca-abogados.com\/en\/trabaja-con-nosotros\/","title":{"rendered":"Trabaja con nosotros"},"content":{"rendered":"<p><div class=\"fusion-fullwidth fullwidth-box fusion-builder-row-1 fusion-flex-container hundred-percent-fullwidth non-hundred-percent-height-scrolling\" style=\"background-color: rgba(255,255,255,0);background-position: center center;background-repeat: no-repeat;border-width: 0px 0px 0px 0px;border-color:#e2e2e2;border-style:solid;\" ><div class=\"fusion-builder-row fusion-row fusion-flex-align-items-center fusion-flex-justify-content-center\" style=\"width:calc( 100% + 0px ) !important;max-width:calc( 100% + 0px ) !important;margin-left: calc(-0px \/ 2 );margin-right: calc(-0px \/ 2 );\"><div class=\"fusion-layout-column fusion_builder_column fusion-builder-column-0 fusion_builder_column_2_5 2_5 fusion-flex-column\"><div class=\"fusion-column-wrapper fusion-flex-justify-content-flex-start fusion-content-layout-column\" style=\"background-position:left top;background-repeat:no-repeat;-webkit-background-size:cover;-moz-background-size:cover;-o-background-size:cover;background-size:cover;padding: 0px 0px 0px 0px;\"><div class=\"fusion-separator fusion-full-width-sep\" style=\"align-self: center;margin-left: auto;margin-right: auto;width:100%;\"><div class=\"fusion-separator-border sep-single sep-solid\" style=\"border-color:#a6093d;border-top-width:1px;\"><\/div><\/div><\/div><style type=\"text\/css\">.fusion-body .fusion-builder-column-0{width:40% !important;margin-top : 0px;margin-bottom : 20px;}.fusion-builder-column-0 > .fusion-column-wrapper {padding-top : 0px !important;padding-right : 0px !important;margin-right : 0px;padding-bottom : 0px !important;padding-left : 0px !important;margin-left : 0px;}@media only screen and (max-width:1024px) {.fusion-body .fusion-builder-column-0{width:40% !important;order : 0;}.fusion-builder-column-0 > .fusion-column-wrapper {margin-right : 0px;margin-left : 0px;}}@media only screen and (max-width:640px) {.fusion-body .fusion-builder-column-0{width:100% !important;order : 0;}.fusion-builder-column-0 > .fusion-column-wrapper {margin-right : 0px;margin-left : 0px;}}<\/style><\/div><div class=\"fusion-layout-column fusion_builder_column fusion-builder-column-1 fusion_builder_column_1_6 1_6 fusion-flex-column\"><div class=\"fusion-column-wrapper fusion-flex-justify-content-flex-start fusion-content-layout-column\" style=\"background-position:left top;background-repeat:no-repeat;-webkit-background-size:cover;-moz-background-size:cover;-o-background-size:cover;background-size:cover;padding: 0px 0px 0px 0px;\"><div style=\"text-align:center;\"><span class=\" fusion-imageframe imageframe-none imageframe-1 hover-type-none\"><img width=\"36\" height=\"40\" title=\"isotipo-llorca-abogados\" src=\"https:\/\/www.llorca-abogados.com\/wp-content\/uploads\/2020\/10\/isotipo-llorca-abogados.png\" class=\"img-responsive wp-image-863\"\/><\/span><\/div><\/div><style type=\"text\/css\">.fusion-body .fusion-builder-column-1{width:16.666666666667% !important;margin-top : 0px;margin-bottom : 20px;}.fusion-builder-column-1 > .fusion-column-wrapper {padding-top : 0px !important;padding-right : 0px !important;margin-right : 0px;padding-bottom : 0px !important;padding-left : 0px !important;margin-left : 0px;}@media only screen and (max-width:1024px) {.fusion-body .fusion-builder-column-1{width:16.666666666667% !important;order : 0;}.fusion-builder-column-1 > .fusion-column-wrapper {margin-right : 0px;margin-left : 0px;}}@media only screen and (max-width:640px) {.fusion-body .fusion-builder-column-1{width:100% !important;order : 0;}.fusion-builder-column-1 > .fusion-column-wrapper {margin-right : 0px;margin-left : 0px;}}<\/style><\/div><div class=\"fusion-layout-column fusion_builder_column fusion-builder-column-2 fusion_builder_column_2_5 2_5 fusion-flex-column\"><div class=\"fusion-column-wrapper fusion-flex-justify-content-flex-start fusion-content-layout-column\" style=\"background-position:left top;background-repeat:no-repeat;-webkit-background-size:cover;-moz-background-size:cover;-o-background-size:cover;background-size:cover;padding: 0px 0px 0px 0px;\"><div class=\"fusion-separator fusion-full-width-sep\" style=\"align-self: center;margin-left: auto;margin-right: auto;width:100%;\"><div class=\"fusion-separator-border sep-single sep-solid\" style=\"border-color:#a6093d;border-top-width:1px;\"><\/div><\/div><\/div><style type=\"text\/css\">.fusion-body .fusion-builder-column-2{width:40% !important;margin-top : 0px;margin-bottom : 20px;}.fusion-builder-column-2 > .fusion-column-wrapper {padding-top : 0px !important;padding-right : 0px !important;margin-right : 0px;padding-bottom : 0px !important;padding-left : 0px !important;margin-left : 0px;}@media only screen and (max-width:1024px) {.fusion-body .fusion-builder-column-2{width:40% !important;order : 0;}.fusion-builder-column-2 > .fusion-column-wrapper {margin-right : 0px;margin-left : 0px;}}@media only screen and (max-width:640px) {.fusion-body .fusion-builder-column-2{width:100% !important;order : 0;}.fusion-builder-column-2 > .fusion-column-wrapper {margin-right : 0px;margin-left : 0px;}}<\/style><\/div><\/div><style type=\"text\/css\">.fusion-body .fusion-flex-container.fusion-builder-row-1{ padding-top : 0px;margin-top : 0px;padding-right : 0px;padding-bottom : 0px;margin-bottom : 0px;padding-left : 0px;}<\/style><\/div><div class=\"fusion-fullwidth fullwidth-box fusion-builder-row-2 fusion-flex-container nonhundred-percent-fullwidth non-hundred-percent-height-scrolling\" style=\"background-color: rgba(255,255,255,0);background-position: center center;background-repeat: no-repeat;border-width: 0px 0px 0px 0px;border-color:#e2e2e2;border-style:solid;\" ><div class=\"fusion-builder-row fusion-row fusion-flex-align-items-flex-start\" style=\"max-width:2028px;margin-left: calc(-4% \/ 2 );margin-right: calc(-4% \/ 2 );\"><div class=\"fusion-layout-column fusion_builder_column fusion-builder-column-3 fusion_builder_column_1_5 1_5 fusion-flex-column\"><div class=\"fusion-column-wrapper fusion-flex-justify-content-flex-start fusion-content-layout-column\" style=\"background-position:left top;background-repeat:no-repeat;-webkit-background-size:cover;-moz-background-size:cover;-o-background-size:cover;background-size:cover;padding: 0px 0px 0px 0px;\"><\/div><style type=\"text\/css\">.fusion-body .fusion-builder-column-3{width:20% !important;margin-top : 0px;margin-bottom : 20px;}.fusion-builder-column-3 > .fusion-column-wrapper {padding-top : 0px !important;padding-right : 0px !important;margin-right : 9.6%;padding-bottom : 0px !important;padding-left : 0px !important;margin-left : 9.6%;}@media only screen and (max-width:1024px) {.fusion-body .fusion-builder-column-3{width:20% !important;order : 0;}.fusion-builder-column-3 > .fusion-column-wrapper {margin-right : 9.6%;margin-left : 9.6%;}}@media only screen and (max-width:640px) {.fusion-body .fusion-builder-column-3{width:100% !important;order : 0;}.fusion-builder-column-3 > .fusion-column-wrapper {margin-right : 1.92%;margin-left : 1.92%;}}<\/style><\/div><div class=\"fusion-layout-column fusion_builder_column fusion-builder-column-4 fusion_builder_column_3_5 3_5 fusion-flex-column\"><div class=\"fusion-column-wrapper fusion-flex-justify-content-flex-start fusion-content-layout-column\" style=\"background-position:left top;background-repeat:no-repeat;-webkit-background-size:cover;-moz-background-size:cover;-o-background-size:cover;background-size:cover;padding: 0px 0px 0px 0px;\"><div class=\"fusion-text fusion-text-1\"><p class=\"accssme-widget-content\"><strong>BUSCAMOS CUBRIR UN PUESTO DE ABOGADO EN EL DESPACHO.<\/strong><\/p>\n<p>Estamos buscando un\/a abogado\/a con experiencia, para incorporarlo a nuestro equipo.<\/p>\n<p class=\"accssme-widget-content\"><strong class=\"accssme-widget-text\">Entre las funciones a realizar est\u00e1n las siguientes:<\/strong><\/p>\n<ol class=\"accssme-widget-content\">\n<li class=\"accssme-widget-text\">\n<p class=\"accssme-widget-text\">Atenci\u00f3n a clientes.<\/p>\n<\/li>\n<li class=\"accssme-widget-text\">\n<p class=\"accssme-widget-content\">Realizaci\u00f3n de juicios, gestiones en Juzgados, Notar\u00edas y Registros; tr\u00e1mites con administraciones y otros organismos.<\/p>\n<\/li>\n<li class=\"accssme-widget-text\">\n<p class=\"accssme-widget-text\">Negociaci\u00f3n y redacci\u00f3n de contratos, documentos y escritos judiciales y extrajudiciales.<\/p>\n<\/li>\n<li class=\"accssme-widget-text\">\n<p class=\"accssme-widget-text\">Organizaci\u00f3n de expedientes; preparaci\u00f3n y exposici\u00f3n de presentaciones, presupuestos, comunicados, etc.<\/p>\n<\/li>\n<\/ol>\n<p>\u00a0<\/p>\n<p class=\"accssme-widget-content\"><strong class=\"accssme-widget-text\">REQUISITOS<\/strong><\/p>\n<ul class=\"accssme-widget-content\">\n<li class=\"accssme-widget-text\">Graduado en Derecho. Master de Acceso a la Abogac\u00eda. Colegiado.<\/li>\n<li>Es imprescindible experiencia previa en: procesal civil y laboral; derecho de empresa; y sucesiones.<\/li>\n<li>Nivel de ingl\u00e9s alto.<\/li>\n<li>Es muy importante que te sientas c\u00f3modo en el contacto con los clientes y sepas comunicarte verbalmente y por escrito.<\/li>\n<li>Ganas de aprender y saber trabajar en equipo.<\/li>\n<li>Que sepas organizarte. Esto es important\u00edsimo. Vas a tener que tratar con muchos clientes y vas a tener que trabajar en procedimientos muy diversos.<\/li>\n<\/ul>\n<p class=\"accssme-widget-content\"><strong class=\"accssme-widget-text\">CONTRATO<\/strong><\/p>\n<p><strong>El contrato ser\u00e1<\/strong> indefinido a jornada completa de lunes a viernes con entrada en el despacho a las 8hs y salida a 15hs y dos tardes semanales.<\/p>\n<p><strong>El salario ser\u00e1<\/strong> seg\u00fan convenio. Una vez consideremos completada tu integraci\u00f3n entrar\u00e1s en un plan de mejora seg\u00fan se cumplan los objetivos del despacho y los tuyos individuales.<\/p>\n<p><strong>El \u00faltimo d\u00eda para enviar el CV y la documentaci\u00f3n que quieras acompa\u00f1ar ser\u00e1 el 4 de febrero.<\/strong><\/p>\n<p>Esa <strong>documentaci\u00f3n debe enviarse exclusivamente<\/strong> a <a href=\"mailto:llorca-abogados@llorca-abogados.com\">llorca-abogados@llorca-abogados.com<\/a><\/p>\n<p>PD: Si consideras que esta oferta puede interesarle a alguien, env\u00edale este correo.<\/p>\n<\/div><script type=\"text\/javascript\">if(!gform){document.addEventListener(\"gform_main_scripts_loaded\",function(){gform.scriptsLoaded=!0}),window.addEventListener(\"DOMContentLoaded\",function(){gform.domLoaded=!0});var gform={domLoaded:!1,scriptsLoaded:!1,initializeOnLoaded:function(o){gform.domLoaded&&gform.scriptsLoaded?o():!gform.domLoaded&&gform.scriptsLoaded?window.addEventListener(\"DOMContentLoaded\",o):document.addEventListener(\"gform_main_scripts_loaded\",o)},hooks:{action:{},filter:{}},addAction:function(o,n,r,t){gform.addHook(\"action\",o,n,r,t)},addFilter:function(o,n,r,t){gform.addHook(\"filter\",o,n,r,t)},doAction:function(o){gform.doHook(\"action\",o,arguments)},applyFilters:function(o){return gform.doHook(\"filter\",o,arguments)},removeAction:function(o,n){gform.removeHook(\"action\",o,n)},removeFilter:function(o,n,r){gform.removeHook(\"filter\",o,n,r)},addHook:function(o,n,r,t,i){null==gform.hooks[o][n]&&(gform.hooks[o][n]=[]);var e=gform.hooks[o][n];null==i&&(i=n+\"_\"+e.length),null==t&&(t=10),gform.hooks[o][n].push({tag:i,callable:r,priority:t})},doHook:function(o,n,r){if(r=Array.prototype.slice.call(r,1),null!=gform.hooks[o][n]){var t,i=gform.hooks[o][n];i.sort(function(o,n){return o.priority-n.priority});for(var e=0;e<i.length;e++)\"function\"!=typeof(t=i[e].callable)&&(t=window[t]),\"action\"==o?t.apply(null,r):r[0]=t.apply(null,r)}if(\"filter\"==o)return r[0]},removeHook:function(o,n,r,t){if(null!=gform.hooks[o][n])for(var i=gform.hooks[o][n],e=i.length-1;0<=e;e--)null!=t&&t!=i[e].tag||null!=r&&r!=i[e].priority||i.splice(e,1)}}}<\/script>\n                <div class='gf_browser_gecko gform_wrapper gform_legacy_markup_wrapper' id='gform_wrapper_5' >\n                        <div class='gform_heading'>\n                            <span class='gform_description'><\/span>\n                        <\/div><form method='post' enctype='multipart\/form-data'  id='gform_5'  action='\/en\/wp-json\/wp\/v2\/pages\/1320' >\n                        <div class='gform_body gform-body'><ul id='gform_fields_5' class='gform_fields top_label form_sublabel_below description_below'><li id=\"field_5_1\" class=\"gfield gfield_contains_required field_sublabel_below field_description_below gfield_visibility_visible\" ><label class='gfield_label' for='input_5_1' >Su nombre<span class=\"gfield_required\"><span class=\"gfield_required gfield_required_asterisk\">*<\/span><\/span><\/label><div class='ginput_container ginput_container_text'><input name='input_1' id='input_5_1' type='text' value='' class='medium'     aria-required=\"true\" aria-invalid=\"false\"   \/> <\/div><\/li><li id=\"field_5_2\" class=\"gfield gfield_contains_required field_sublabel_below field_description_below gfield_visibility_visible\" ><label class='gfield_label' for='input_5_2' >Email<span class=\"gfield_required\"><span class=\"gfield_required gfield_required_asterisk\">*<\/span><\/span><\/label><div class='ginput_container ginput_container_email'>\n                            <input name='input_2' id='input_5_2' type='text' value='' class='medium'    aria-required=\"true\" aria-invalid=\"false\"  \/>\n                        <\/div><\/li><li id=\"field_5_3\" class=\"gfield gfield_contains_required field_sublabel_below field_description_below gfield_visibility_visible\" ><label class='gfield_label' for='input_5_3' >Asunto<span class=\"gfield_required\"><span class=\"gfield_required gfield_required_asterisk\">*<\/span><\/span><\/label><div class='ginput_container ginput_container_text'><input name='input_3' id='input_5_3' type='text' value='' class='medium'     aria-required=\"true\" aria-invalid=\"false\"   \/> <\/div><\/li><li id=\"field_5_4\" class=\"gfield gfield_contains_required field_sublabel_below field_description_below gfield_visibility_visible\" ><label class='gfield_label' for='input_5_4' >Su mensaje<span class=\"gfield_required\"><span class=\"gfield_required gfield_required_asterisk\">*<\/span><\/span><\/label><div class='ginput_container ginput_container_textarea'><textarea name='input_4' id='input_5_4' class='textarea medium'     aria-required=\"true\" aria-invalid=\"false\"   rows='10' cols='50'><\/textarea><\/div><\/li><li id=\"field_5_11\" class=\"gfield gfield--width-full gfield_contains_required field_sublabel_below field_description_below gfield_visibility_visible\" ><label class='gfield_label' for='gform_browse_button_5_11' >Archivo<span class=\"gfield_required\"><span class=\"gfield_required gfield_required_asterisk\">*<\/span><\/span><\/label><div class='ginput_container ginput_container_fileupload'><div id='gform_multifile_upload_5_11' data-settings='{&quot;runtimes&quot;:&quot;html5,flash,html4&quot;,&quot;browse_button&quot;:&quot;gform_browse_button_5_11&quot;,&quot;container&quot;:&quot;gform_multifile_upload_5_11&quot;,&quot;drop_element&quot;:&quot;gform_drag_drop_area_5_11&quot;,&quot;filelist&quot;:&quot;gform_preview_5_11&quot;,&quot;unique_names&quot;:true,&quot;file_data_name&quot;:&quot;file&quot;,&quot;url&quot;:&quot;https:\\\/\\\/www.llorca-abogados.com\\\/?gf_page=36551941b7b1dd1&quot;,&quot;flash_swf_url&quot;:&quot;https:\\\/\\\/www.llorca-abogados.com\\\/wp-includes\\\/js\\\/plupload\\\/plupload.flash.swf&quot;,&quot;silverlight_xap_url&quot;:&quot;https:\\\/\\\/www.llorca-abogados.com\\\/wp-includes\\\/js\\\/plupload\\\/plupload.silverlight.xap&quot;,&quot;filters&quot;:{&quot;mime_types&quot;:[{&quot;title&quot;:&quot;Allowed Files&quot;,&quot;extensions&quot;:&quot;jpg,gif,png,pdf&quot;}],&quot;max_file_size&quot;:&quot;2097152b&quot;},&quot;multipart&quot;:true,&quot;urlstream_upload&quot;:false,&quot;multipart_params&quot;:{&quot;form_id&quot;:5,&quot;field_id&quot;:11},&quot;gf_vars&quot;:{&quot;max_files&quot;:0,&quot;message_id&quot;:&quot;gform_multifile_messages_5_11&quot;,&quot;disallowed_extensions&quot;:[&quot;php&quot;,&quot;asp&quot;,&quot;aspx&quot;,&quot;cmd&quot;,&quot;csh&quot;,&quot;bat&quot;,&quot;html&quot;,&quot;htm&quot;,&quot;hta&quot;,&quot;jar&quot;,&quot;exe&quot;,&quot;com&quot;,&quot;js&quot;,&quot;lnk&quot;,&quot;htaccess&quot;,&quot;phtml&quot;,&quot;ps1&quot;,&quot;ps2&quot;,&quot;php3&quot;,&quot;php4&quot;,&quot;php5&quot;,&quot;php6&quot;,&quot;py&quot;,&quot;rb&quot;,&quot;tmp&quot;]}}' class='gform_fileupload_multifile'>\n\t\t\t\t\t\t\t\t\t\t<div id='gform_drag_drop_area_5_11' class='gform_drop_area'>\n\t\t\t\t\t\t\t\t\t\t\t<span class='gform_drop_instructions'>Drop files here or <\/span>\n\t\t\t\t\t\t\t\t\t\t\t<button id='gform_browse_button_5_11' class='button gform_button_select_files' aria-describedby=\"gfield_upload_rules_5_11\"  >Select files<\/button>\n\t\t\t\t\t\t\t\t\t\t<\/div>\n\t\t\t\t\t\t\t\t\t<\/div><span class='gform_fileupload_rules' id='gfield_upload_rules_5_11'>Accepted file types: jpg, gif, png, pdf, Max. file size: 2 MB.<\/span><ul class='validation_message validation_message--hidden-on-empty gfield_validation_message gform-ul-reset' id='gform_multifile_messages_5_11'><\/ul> <!-- Leave <ul> empty to support CSS :empty selector. --><\/div><div id='gform_preview_5_11'><\/div><\/li><li id=\"field_5_5\" class=\"gfield gfield_contains_required field_sublabel_below field_description_below gfield_visibility_visible\" ><label class='gfield_label gfield_label_before_complex'  >Pol\u00edtica de privacidad<span class=\"gfield_required\"><span class=\"gfield_required gfield_required_asterisk\">*<\/span><\/span><\/label><div class='ginput_container ginput_container_checkbox'><ul class='gfield_checkbox' id='input_5_5'><li class='gchoice gchoice_5_5_1'>\n\t\t\t\t\t\t\t\t<input class='gfield-choice-input' name='input_5.1' type='checkbox'  value='He le\u00eddo y acepto la &lt;a href=&quot;https:\/\/www.llorca-abogados.com\/politica-de-privacidad\/&quot;&gt;&lt;strong&gt;Pol\u00edtica de Privacidad&lt;\/strong&gt; y el &lt;a href=&quot;https:\/\/www.llorca-abogados.com\/aviso-legal\/&quot;&gt;&lt;strong&gt;Aviso Legal&lt;\/strong&gt;&lt;\/a&gt;'  id='choice_5_5_1'   \/>\n\t\t\t\t\t\t\t\t<label for='choice_5_5_1' id='label_5_5_1'>He le\u00eddo y acepto la <a href=\"https:\/\/www.llorca-abogados.com\/politica-de-privacidad\/\"><strong>Pol\u00edtica de Privacidad<\/strong> y el <a href=\"https:\/\/www.llorca-abogados.com\/aviso-legal\/\"><strong>Aviso Legal<\/strong><\/a><\/label>\n\t\t\t\t\t\t\t<\/li><\/ul><\/div><\/li><li id=\"field_5_10\" class=\"gfield gfield_contains_required field_sublabel_below field_description_below gfield_visibility_visible\" ><label class='gfield_label gfield_label_before_complex'  >Consentimiento<span class=\"gfield_required\"><span class=\"gfield_required gfield_required_asterisk\">*<\/span><\/span><\/label><div class='ginput_container ginput_container_checkbox'><ul class='gfield_checkbox' id='input_5_10'><li class='gchoice gchoice_5_10_1'>\n\t\t\t\t\t\t\t\t<input class='gfield-choice-input' name='input_10.1' type='checkbox'  value='Autorizo al tratamiento de mis datos personales para recibir informaci\u00f3n por cualquier medio, incluidos los electr\u00f3nicos, sobre los servicios ofrecidos por LLORCA ABOGADOS, S.L.U., que puedan resultar de mi inter\u00e9s.'  id='choice_5_10_1'   \/>\n\t\t\t\t\t\t\t\t<label for='choice_5_10_1' id='label_5_10_1'>Autorizo al tratamiento de mis datos personales para recibir informaci\u00f3n por cualquier medio, incluidos los electr\u00f3nicos, sobre los servicios ofrecidos por LLORCA ABOGADOS, S.L.U., que puedan resultar de mi inter\u00e9s.<\/label>\n\t\t\t\t\t\t\t<\/li><\/ul><\/div><\/li><\/ul><\/div>\n        <div class='gform_footer top_label'> <input type='submit' id='gform_submit_button_5' class='gform_button button' value='Enviar'  onclick='if(window[\"gf_submitting_5\"]){return false;}  window[\"gf_submitting_5\"]=true;  ' onkeypress='if( event.keyCode == 13 ){ if(window[\"gf_submitting_5\"]){return false;} window[\"gf_submitting_5\"]=true;  jQuery(\"#gform_5\").trigger(\"submit\",[true]); }' \/> \n            <input type='hidden' class='gform_hidden' name='is_submit_5' value='1' \/>\n            <input type='hidden' class='gform_hidden' name='gform_submit' value='5' \/>\n            \n            <input type='hidden' class='gform_hidden' name='gform_unique_id' value='' \/>\n            <input type='hidden' class='gform_hidden' name='state_5' value='WyJbXSIsIjBmMDI0MzQ2MWM1M2I1YWM2N2I0OGE5Yzk4YzY1OWJlIl0=' \/>\n            <input type='hidden' class='gform_hidden' name='gform_target_page_number_5' id='gform_target_page_number_5' value='0' \/>\n            <input type='hidden' class='gform_hidden' name='gform_source_page_number_5' id='gform_source_page_number_5' value='1' \/>\n            <input type='hidden' name='gform_field_values' value='' \/>\n            <input type='hidden' name='gform_uploaded_files' id='gform_uploaded_files_5' value='' \/>\n        <\/div>\n                        <\/form>\n                        <\/div><\/div><style type=\"text\/css\">.fusion-body .fusion-builder-column-4{width:60% !important;margin-top : 0px;margin-bottom : 20px;}.fusion-builder-column-4 > .fusion-column-wrapper {padding-top : 0px !important;padding-right : 0px !important;margin-right : 3.2%;padding-bottom : 0px !important;padding-left : 0px !important;margin-left : 3.2%;}@media only screen and (max-width:1024px) {.fusion-body .fusion-builder-column-4{width:60% !important;order : 0;}.fusion-builder-column-4 > .fusion-column-wrapper {margin-right : 3.2%;margin-left : 3.2%;}}@media only screen and (max-width:640px) {.fusion-body .fusion-builder-column-4{width:100% !important;order : 0;}.fusion-builder-column-4 > .fusion-column-wrapper {margin-right : 1.92%;margin-left : 1.92%;}}<\/style><\/div><div class=\"fusion-layout-column fusion_builder_column fusion-builder-column-5 fusion_builder_column_1_5 1_5 fusion-flex-column\"><div class=\"fusion-column-wrapper fusion-flex-justify-content-flex-start fusion-content-layout-column\" style=\"background-position:left top;background-repeat:no-repeat;-webkit-background-size:cover;-moz-background-size:cover;-o-background-size:cover;background-size:cover;padding: 0px 0px 0px 0px;\"><\/div><style type=\"text\/css\">.fusion-body .fusion-builder-column-5{width:20% !important;margin-top : 0px;margin-bottom : 20px;}.fusion-builder-column-5 > .fusion-column-wrapper {padding-top : 0px !important;padding-right : 0px !important;margin-right : 9.6%;padding-bottom : 0px !important;padding-left : 0px !important;margin-left : 9.6%;}@media only screen and (max-width:1024px) {.fusion-body .fusion-builder-column-5{width:20% !important;order : 0;}.fusion-builder-column-5 > .fusion-column-wrapper {margin-right : 9.6%;margin-left : 9.6%;}}@media only screen and (max-width:640px) {.fusion-body .fusion-builder-column-5{width:100% !important;order : 0;}.fusion-builder-column-5 > .fusion-column-wrapper {margin-right : 1.92%;margin-left : 1.92%;}}<\/style><\/div><\/div><style type=\"text\/css\">.fusion-body .fusion-flex-container.fusion-builder-row-2{ padding-top : 5em;margin-top : 0px;padding-right : 0px;padding-bottom : 0px;margin-bottom : 0px;padding-left : 0px;}<\/style><\/div><\/p>\n","protected":false},"excerpt":{"rendered":"","protected":false},"author":3,"featured_media":0,"parent":0,"menu_order":0,"comment_status":"closed","ping_status":"closed","template":"","meta":{"_mi_skip_tracking":false},"aioseo_notices":[],"_links":{"self":[{"href":"https:\/\/www.llorca-abogados.com\/en\/wp-json\/wp\/v2\/pages\/1320"}],"collection":[{"href":"https:\/\/www.llorca-abogados.com\/en\/wp-json\/wp\/v2\/pages"}],"about":[{"href":"https:\/\/www.llorca-abogados.com\/en\/wp-json\/wp\/v2\/types\/page"}],"author":[{"embeddable":true,"href":"https:\/\/www.llorca-abogados.com\/en\/wp-json\/wp\/v2\/users\/3"}],"replies":[{"embeddable":true,"href":"https:\/\/www.llorca-abogados.com\/en\/wp-json\/wp\/v2\/comments?post=1320"}],"version-history":[{"count":27,"href":"https:\/\/www.llorca-abogados.com\/en\/wp-json\/wp\/v2\/pages\/1320\/revisions"}],"predecessor-version":[{"id":1936,"href":"https:\/\/www.llorca-abogados.com\/en\/wp-json\/wp\/v2\/pages\/1320\/revisions\/1936"}],"wp:attachment":[{"href":"https:\/\/www.llorca-abogados.com\/en\/wp-json\/wp\/v2\/media?parent=1320"}],"curies":[{"name":"wp","href":"https:\/\/api.w.org\/{rel}","templated":true}]}}